{"id":1309,"date":"2016-01-29T10:26:31","date_gmt":"2016-01-29T09:26:31","guid":{"rendered":"https:\/\/apke.ch\/wordpress\/?page_id=1309"},"modified":"2018-03-04T13:32:54","modified_gmt":"2018-03-04T12:32:54","slug":"archiv","status":"publish","type":"page","link":"https:\/\/apke.ch\/wordpress\/?page_id=1309","title":{"rendered":"Archiv"},"content":{"rendered":"<p><strong>Das Pfadiarchiv der Abteilung befindet sich in K\u00fcsnacht. Wir freuen uns \u00fcber Dokumente, Gegenst\u00e4nde und weitere Sch\u00e4tze aus eurer Pfadizeit. &nbsp;<\/strong><\/p>\n<p><strong>Verantwortlich: Mikado \/&nbsp;Kathrin Perschak-Br\u00fctsch&nbsp;<a href=\"mailto:mikado@wulp.ch\">mikado@wulp.ch<\/a> (Mitglied Vorstand Altpfadi APKE)<\/strong><\/p>\n","protected":false},"excerpt":{"rendered":"<p>Das Pfadiarchiv der Abteilung befindet sich in K\u00fcsnacht. Wir freuen uns \u00fcber Dokumente, Gegenst\u00e4nde und weitere Sch\u00e4tze aus eurer Pfadizeit. &nbsp; Verantwortlich: Mikado \/&nbsp;Kathrin Perschak-Br\u00fctsch&nbsp;mikado@wulp.ch (Mitglied Vorstand Altpfadi APKE)<\/p>\n","protected":false},"author":1,"featured_media":1311,"parent":0,"menu_order":0,"comment_status":"closed","ping_status":"closed","template":"","meta":{"ngg_post_thumbnail":0,"footnotes":""},"class_list":["post-1309","page","type-page","status-publish","has-post-thumbnail","hentry"],"_links":{"self":[{"href":"https:\/\/apke.ch\/wordpress\/index.php?rest_route=\/wp\/v2\/pages\/1309","targetHints":{"allow":["GET"]}}],"collection":[{"href":"https:\/\/apke.ch\/wordpress\/index.php?rest_route=\/wp\/v2\/pages"}],"about":[{"href":"https:\/\/apke.ch\/wordpress\/index.php?rest_route=\/wp\/v2\/types\/page"}],"author":[{"embeddable":true,"href":"https:\/\/apke.ch\/wordpress\/index.php?rest_route=\/wp\/v2\/users\/1"}],"replies":[{"embeddable":true,"href":"https:\/\/apke.ch\/wordpress\/index.php?rest_route=%2Fwp%2Fv2%2Fcomments&post=1309"}],"version-history":[{"count":6,"href":"https:\/\/apke.ch\/wordpress\/index.php?rest_route=\/wp\/v2\/pages\/1309\/revisions"}],"predecessor-version":[{"id":1490,"href":"https:\/\/apke.ch\/wordpress\/index.php?rest_route=\/wp\/v2\/pages\/1309\/revisions\/1490"}],"wp:featuredmedia":[{"embeddable":true,"href":"https:\/\/apke.ch\/wordpress\/index.php?rest_route=\/wp\/v2\/media\/1311"}],"wp:attachment":[{"href":"https:\/\/apke.ch\/wordpress\/index.php?rest_route=%2Fwp%2Fv2%2Fmedia&parent=1309"}],"curies":[{"name":"wp","href":"https:\/\/api.w.org\/{rel}","templated":true}]}}