{"id":1405,"date":"2017-04-19T09:23:53","date_gmt":"2017-04-19T08:23:53","guid":{"rendered":"https:\/\/apke.ch\/wordpress\/?page_id=1405"},"modified":"2026-02-09T20:34:07","modified_gmt":"2026-02-09T19:34:07","slug":"senioren","status":"publish","type":"page","link":"https:\/\/apke.ch\/wordpress\/?page_id=1405","title":{"rendered":"Altpfadi Senioren"},"content":{"rendered":"<p lang=\"de-DE\">Die Altpfadi Senioren sind eine selbstst\u00e4ndige Gruppe ehemaliger Pfadfinderinnen und Pfadfinder der Pfadi Wulp K\u00fcsnacht-Erlenbach. Sie trifft sich einmal im Monat, in der Regel am ersten Donnerstag tags\u00fcber f\u00fcr einen Ausflug oder eine altersgerechte einfache Wanderung. Details sind aus dem Jahresprogramm ersichtlich. F\u00fcr jeden Anlass wird per E-Mail eine Einladung verschickt. Man kann dann entscheiden, ob man teilnehmen will.<\/p>\n<p lang=\"de-DE\">Wer Mitglied der Gruppe werden m\u00f6chte, meldet sich gem\u00e4ss dem Kontakt im Jahresprogramm.<\/p>\n<p lang=\"de-DE\"><a href=\"https:\/\/apke.ch\/wordpress\/wp-content\/uploads\/2026\/02\/Jahresprogramm-Senioren-2026.pdf\">Jahresprogramm Senioren 2026<\/a><\/p>\n<p lang=\"de-DE\"><a href=\"https:\/\/apke.ch\/wordpress\/wp-content\/uploads\/2025\/02\/Jahresprogramm-Senioren-2025.pdf\">Jahresprogramm Senioren 2025<\/a><\/p>\n<p lang=\"de-DE\"><a href=\"https:\/\/apke.ch\/wordpress\/wp-content\/uploads\/2024\/05\/Jahresprogramm-Senioren-2024.pdf\">Jahresprogramm Senioren 2024<\/a><\/p>\n<p lang=\"de-DE\"><a href=\"https:\/\/apke.ch\/wordpress\/wp-content\/uploads\/2023\/06\/Altpfadi-Senioren-Jahresprogramm-2023.pdf\">Jahresprogramm Senioren 2023<\/a><\/p>\n<p lang=\"de-DE\"><a href=\"https:\/\/apke.ch\/wordpress\/wp-content\/uploads\/2022\/02\/2022-Jahresprogramm-Altpfadi-Senioren.pdf\">Jahresprogramm Senioren 2022<\/a><\/p>\n<p lang=\"de-DE\"><a href=\"https:\/\/apke.ch\/wordpress\/wp-content\/uploads\/2020\/02\/Altpfadi-Senioren-Jahresprogramm-2020.pdf\">Jahresprogramm Senioren 2020<\/a><\/p>\n<p lang=\"de-DE\"><a href=\"https:\/\/apke.ch\/wordpress\/wp-content\/uploads\/2019\/01\/Altpfadi-Senioren-JP19_.pdf\">Jahresprogramm Senioren 2019<\/a><\/p>\n<p lang=\"de-DE\"><a href=\"https:\/\/apke.ch\/wordpress\/wp-content\/uploads\/2018\/01\/JP-2018.pdf\">Jahresprogramm Senioren 2018<\/a><\/p>\n<p lang=\"de-DE\"><a href=\"https:\/\/apke.ch\/wordpress\/wp-content\/uploads\/2017\/04\/Jahresprogramm-Altpfadi-Senioren-2017.pdf\">Jahresprogramm Senioren 2017<\/a><\/p>\n<p><a href=\"https:\/\/apke.ch\/wordpress\/wp-content\/uploads\/2017\/04\/Thun-Panorama-Senioren.jpg\"><img loading=\"lazy\" decoding=\"async\" class=\"alignnone size-large wp-image-1406\" src=\"https:\/\/apke.ch\/wordpress\/wp-content\/uploads\/2017\/04\/Thun-Panorama-Senioren-1024x681.jpg\" alt=\"\" width=\"625\" height=\"416\" srcset=\"https:\/\/apke.ch\/wordpress\/wp-content\/uploads\/2017\/04\/Thun-Panorama-Senioren-1024x681.jpg 1024w, https:\/\/apke.ch\/wordpress\/wp-content\/uploads\/2017\/04\/Thun-Panorama-Senioren-300x199.jpg 300w, https:\/\/apke.ch\/wordpress\/wp-content\/uploads\/2017\/04\/Thun-Panorama-Senioren-768x511.jpg 768w, https:\/\/apke.ch\/wordpress\/wp-content\/uploads\/2017\/04\/Thun-Panorama-Senioren-624x415.jpg 624w, https:\/\/apke.ch\/wordpress\/wp-content\/uploads\/2017\/04\/Thun-Panorama-Senioren.jpg 1997w\" sizes=\"auto, (max-width: 625px) 100vw, 625px\" \/><\/a><\/p>\n\n\n\n","protected":false},"excerpt":{"rendered":"<p>Die Altpfadi Senioren sind eine selbstst\u00e4ndige Gruppe ehemaliger Pfadfinderinnen und Pfadfinder der Pfadi Wulp K\u00fcsnacht-Erlenbach. Sie trifft sich einmal im Monat, in der Regel am ersten Donnerstag tags\u00fcber f\u00fcr einen Ausflug oder eine altersgerechte einfache Wanderung. Details sind aus dem Jahresprogramm ersichtlich. F\u00fcr jeden Anlass wird per E-Mail eine Einladung verschickt. Man kann dann entscheiden, [&hellip;]<\/p>\n","protected":false},"author":1,"featured_media":0,"parent":0,"menu_order":0,"comment_status":"closed","ping_status":"closed","template":"","meta":{"ngg_post_thumbnail":0,"footnotes":""},"class_list":["post-1405","page","type-page","status-publish","hentry"],"_links":{"self":[{"href":"https:\/\/apke.ch\/wordpress\/index.php?rest_route=\/wp\/v2\/pages\/1405","targetHints":{"allow":["GET"]}}],"collection":[{"href":"https:\/\/apke.ch\/wordpress\/index.php?rest_route=\/wp\/v2\/pages"}],"about":[{"href":"https:\/\/apke.ch\/wordpress\/index.php?rest_route=\/wp\/v2\/types\/page"}],"author":[{"embeddable":true,"href":"https:\/\/apke.ch\/wordpress\/index.php?rest_route=\/wp\/v2\/users\/1"}],"replies":[{"embeddable":true,"href":"https:\/\/apke.ch\/wordpress\/index.php?rest_route=%2Fwp%2Fv2%2Fcomments&post=1405"}],"version-history":[{"count":13,"href":"https:\/\/apke.ch\/wordpress\/index.php?rest_route=\/wp\/v2\/pages\/1405\/revisions"}],"predecessor-version":[{"id":1998,"href":"https:\/\/apke.ch\/wordpress\/index.php?rest_route=\/wp\/v2\/pages\/1405\/revisions\/1998"}],"wp:attachment":[{"href":"https:\/\/apke.ch\/wordpress\/index.php?rest_route=%2Fwp%2Fv2%2Fmedia&parent=1405"}],"curies":[{"name":"wp","href":"https:\/\/api.w.org\/{rel}","templated":true}]}}