{"id":1764,"date":"2023-08-23T19:30:52","date_gmt":"2023-08-23T18:30:52","guid":{"rendered":"https:\/\/apke.ch\/wordpress\/?page_id=1764"},"modified":"2023-08-23T19:40:45","modified_gmt":"2023-08-23T18:40:45","slug":"datenschutz","status":"publish","type":"page","link":"https:\/\/apke.ch\/wordpress\/?page_id=1764","title":{"rendered":"Datenschutz"},"content":{"rendered":"\n<p>Diese Webseite braucht keine Cookies, die pers\u00f6nliche Daten speichern. <\/p>\n\n\n\n<p>Wir sch\u00fctzen pers\u00f6nliche Daten gem\u00e4ss Datenschutzerkl\u00e4rung der Pfadibewegung Schweiz: <a href=\"https:\/\/dse-de.scouts.ch\">https:\/\/dse-de.scouts.ch<\/a><\/p>\n","protected":false},"excerpt":{"rendered":"<p>Diese Webseite braucht keine Cookies, die pers\u00f6nliche Daten speichern. Wir sch\u00fctzen pers\u00f6nliche Daten gem\u00e4ss Datenschutzerkl\u00e4rung der Pfadibewegung Schweiz: https:\/\/dse-de.scouts.ch<\/p>\n","protected":false},"author":1,"featured_media":0,"parent":0,"menu_order":0,"comment_status":"closed","ping_status":"closed","template":"","meta":{"ngg_post_thumbnail":0,"footnotes":""},"class_list":["post-1764","page","type-page","status-publish","hentry"],"_links":{"self":[{"href":"https:\/\/apke.ch\/wordpress\/index.php?rest_route=\/wp\/v2\/pages\/1764","targetHints":{"allow":["GET"]}}],"collection":[{"href":"https:\/\/apke.ch\/wordpress\/index.php?rest_route=\/wp\/v2\/pages"}],"about":[{"href":"https:\/\/apke.ch\/wordpress\/index.php?rest_route=\/wp\/v2\/types\/page"}],"author":[{"embeddable":true,"href":"https:\/\/apke.ch\/wordpress\/index.php?rest_route=\/wp\/v2\/users\/1"}],"replies":[{"embeddable":true,"href":"https:\/\/apke.ch\/wordpress\/index.php?rest_route=%2Fwp%2Fv2%2Fcomments&post=1764"}],"version-history":[{"count":2,"href":"https:\/\/apke.ch\/wordpress\/index.php?rest_route=\/wp\/v2\/pages\/1764\/revisions"}],"predecessor-version":[{"id":1771,"href":"https:\/\/apke.ch\/wordpress\/index.php?rest_route=\/wp\/v2\/pages\/1764\/revisions\/1771"}],"wp:attachment":[{"href":"https:\/\/apke.ch\/wordpress\/index.php?rest_route=%2Fwp%2Fv2%2Fmedia&parent=1764"}],"curies":[{"name":"wp","href":"https:\/\/api.w.org\/{rel}","templated":true}]}}