{"id":2,"date":"2014-05-01T19:57:34","date_gmt":"2014-05-01T19:57:34","guid":{"rendered":"http:\/\/localhost\/wordpress-3.9\/wordpress\/?page_id=2"},"modified":"2023-08-23T19:34:13","modified_gmt":"2023-08-23T18:34:13","slug":"sample-page","status":"publish","type":"page","link":"https:\/\/apke.ch\/wordpress\/?page_id=2","title":{"rendered":"Anmeldung"},"content":{"rendered":"<p>Bitte Onlineanmeldung vollst\u00e4ndig ausf\u00fcllen und abschicken oder Anmeldung (Word-Datei) ausdrucken und dem Aktuar per Post schicken. Der Aktuar wird dir weitere Informationen schicken. Bei Fragen kannst du ihm auch ein <a title=\"Mail\" href=\"mailto:apv@wulp.ch\">Mail<\/a> schicken.<\/p>\n<div class=\"page\" title=\"Page 1\">\n<div class=\"layoutArea\">\n<div class=\"column\">\n<p>Ich best\u00e4tige, dass ich die Datenschutzerkl\u00e4rung gelesen habe und mit der Bearbeitung <span style=\"font-size: revert;\">meiner Daten gem\u00e4ss dieser einverstanden bin <a href=\"https:\/\/dse-de.scouts.ch\/\">https:\/\/dse-de.scouts.ch\/<\/a>.<\/span><\/p>\n<\/div>\n<\/div>\n<\/div>\n<noscript class=\"ninja-forms-noscript-message\">\n\tNotice: JavaScript is required for this content.<\/noscript>\n<div id=\"nf-form-2-cont\" class=\"nf-form-cont\" aria-live=\"polite\" aria-labelledby=\"nf-form-title-2\" aria-describedby=\"nf-form-errors-2\" role=\"form\">\n\n    <div class=\"nf-loading-spinner\"><\/div>\n\n<\/div>\n        <!-- That data is being printed as a workaround to page builders reordering the order of the scripts loaded-->\n        <script>var formDisplay=1;var nfForms=nfForms||[];var form=[];form.id='2';form.settings={\"objectType\":\"Form Setting\",\"editActive\":false,\"email_from_name\":\"Anmeldung APKE\",\"email_from\":\"aktuar@apke.ch\",\"email_type\":\"html\",\"admin_subject\":\"Anmeldung APKE\",\"admin_email_msg\":\"Jemand hat sich auf der Homepage APKE.CH als Vereinsmitglied angemeldet:\\r\\n\\r\\n&nbsp;\",\"admin_email_fields\":\"1\",\"admin_attach_csv\":\"0\",\"user_subject\":\"Anmeldung Altpfadi K\\u00fcsnacht\\\/Erlenbach (APKE)\",\"user_email_msg\":\"Hallo\\r\\n\\r\\nHerzlichen Dank f\\u00fcr deine Anmeldung in den Verein Altpfadi K\\u00fcsacht-Erlenbach.\\r\\n\\r\\nFolgende Daten wurden an den Aktuar gesendet, er wird sich bei dir melden.\\r\\n\\r\\nAllzeit Bereit Pico\",\"user_email_fields\":\"1\",\"show_title\":\"0\",\"logged_in\":\"0\",\"append_page\":\"\",\"ajax\":\"0\",\"landing_page\":\"\",\"clear_complete\":\"0\",\"hide_complete\":\"1\",\"success_msg\":\"Herzlichen Dank f\\u00fcr deine Anmeldung in den Verein Altpfadi K\\u00fcsacht-Erlenbach.\\r\\n\\r\\nDie Daten wurden an den Aktuar und an dich per Mail gesendet.\",\"sub_limit_number\":\"\",\"sub_limit_msg\":\"\",\"last_sub\":\"28\",\"date_updated\":\"2016-02-12 15:27:31\",\"status\":\"\",\"title\":\"Anmeldung APKE\",\"allow_public_link\":0,\"embed_form\":\"\",\"default_label_pos\":\"above\",\"wrapper_class\":\"\",\"element_class\":\"\",\"form_title_heading_level\":\"3\",\"key\":\"\",\"add_submit\":1,\"currency\":\"\",\"unique_field_error\":\"A form with this value has already been submitted.\",\"not_logged_in_msg\":\"\",\"calculations\":[],\"formContentData\":[\"textbox_8\",\"textbox_6\",\"lastname_7\",\"address_9\",\"zip_10\",\"city_11\",\"phone_12\",\"phone_21\",\"email_13\",\"textbox_15\",\"textarea_24\",\"spam_19\",\"submit_20\"],\"ninjaForms\":\"Ninja Forms\",\"changeEmailErrorMsg\":\"Please enter a valid email address!\",\"changeDateErrorMsg\":\"Please enter a valid date!\",\"confirmFieldErrorMsg\":\"These fields must match!\",\"fieldNumberNumMinError\":\"Number Min Error\",\"fieldNumberNumMaxError\":\"Number Max Error\",\"fieldNumberIncrementBy\":\"Please increment by \",\"fieldTextareaRTEInsertLink\":\"Insert Link\",\"fieldTextareaRTEInsertMedia\":\"Insert Media\",\"fieldTextareaRTESelectAFile\":\"Select a file\",\"tableInsertRowAbove\":\"Insert Row Above\",\"tableInsertRowBelow\":\"Insert Row Below\",\"tableInsertColumnLeft\":\"Insert Column Left\",\"tableInsertColumnRight\":\"Insert Column Right\",\"tableDeleteRow\":\"Delete Row\",\"tableDeleteColumn\":\"Delete Column\",\"tableDeleteTable\":\"Delete Table\",\"tableLegacyNotice\":\"This content has tables in the old editor format. Custom styles are preserved until converted. Editing will update to the new format.\",\"tableLegacyConvert\":\"Convert Now\",\"tableInsertTable\":\"Insert Table\",\"dismiss\":\"Dismiss\",\"insertLink\":\"Insert Link\",\"formErrorsCorrectErrors\":\"Please correct errors before submitting this form.\",\"formHoneypot\":\"If you are a human seeing this field, please leave it empty.\",\"validateRequiredField\":\"This is a required field.\",\"honeypotHoneypotError\":\"Honeypot Error\",\"fileUploadOldCodeFileUploadInProgress\":\"File Upload in Progress.\",\"fileUploadOldCodeFileUpload\":\"FILE UPLOAD\",\"currencySymbol\":\"$\",\"fieldsMarkedRequired\":\"Fields marked with an <span class=\\\"ninja-forms-req-symbol\\\">*<\\\/span> are required\",\"thousands_sep\":\",\",\"decimal_point\":\".\",\"siteLocale\":\"en_US\",\"dateFormat\":\"m\\\/d\\\/Y\",\"startOfWeek\":\"1\",\"of\":\"of\",\"previousMonth\":\"Previous Month\",\"nextMonth\":\"Next Month\",\"months\":[\"January\",\"February\",\"March\",\"April\",\"May\",\"June\",\"July\",\"August\",\"September\",\"October\",\"November\",\"December\"],\"monthsShort\":[\"Jan\",\"Feb\",\"Mar\",\"Apr\",\"May\",\"Jun\",\"Jul\",\"Aug\",\"Sep\",\"Oct\",\"Nov\",\"Dec\"],\"weekdays\":[\"Sunday\",\"Monday\",\"Tuesday\",\"Wednesday\",\"Thursday\",\"Friday\",\"Saturday\"],\"weekdaysShort\":[\"Sun\",\"Mon\",\"Tue\",\"Wed\",\"Thu\",\"Fri\",\"Sat\"],\"weekdaysMin\":[\"Su\",\"Mo\",\"Tu\",\"We\",\"Th\",\"Fr\",\"Sa\"],\"recaptchaConsentMissing\":\"reCaptcha validation couldn&#039;t load.\",\"recaptchaMissingCookie\":\"reCaptcha v3 validation couldn&#039;t load the cookie needed to submit the form.\",\"recaptchaConsentEvent\":\"Accept reCaptcha cookies before sending the form.\",\"currency_symbol\":\"\",\"beforeForm\":\"\",\"beforeFields\":\"\",\"afterFields\":\"\",\"afterForm\":\"\"};form.fields=[{\"objectType\":\"Field\",\"objectDomain\":\"fields\",\"editActive\":false,\"order\":0,\"idAttribute\":\"id\",\"type\":\"textbox\",\"label\":\"Pfadiname\",\"input_limit_msg\":\"character(s) left\",\"label_pos\":\"left\",\"mask\":\"\",\"datepicker\":0,\"send_email\":0,\"replyto_email\":0,\"first_name\":\"\",\"last_name\":\"\",\"from_name\":0,\"user_address_1\":\"\",\"user_address_2\":\"\",\"user_city\":\"\",\"user_zip\":\"\",\"user_phone\":\"\",\"user_email\":\"\",\"user_info_field_group\":1,\"user_state\":0,\"user_info_field_group_name\":\"\",\"user_info_field_group_custom\":\"\",\"input_limit\":\"\",\"input_limit_type\":\"char\",\"show_help\":0,\"help_text\":\"\",\"show_desc\":0,\"desc_pos\":\"none\",\"desc_text\":\"\",\"calc_auto_include\":0,\"placeholder\":\"\",\"disable_input\":0,\"autocomplete_off\":0,\"num_sort\":0,\"admin_label\":\"\",\"element_class\":\"\",\"required\":0,\"key\":\"textbox_8\",\"default\":\"\",\"container_class\":\"\",\"manual_key\":false,\"custom_mask\":\"\",\"custom_name_attribute\":\"\",\"personally_identifiable\":\"\",\"value\":\"\",\"id\":8,\"beforeField\":\"\",\"afterField\":\"\",\"parentType\":\"textbox\",\"element_templates\":[\"textbox\",\"input\"],\"old_classname\":\"\",\"wrap_template\":\"wrap\"},{\"objectType\":\"Field\",\"objectDomain\":\"fields\",\"editActive\":false,\"order\":1,\"idAttribute\":\"id\",\"type\":\"textbox\",\"def_id\":6,\"label\":\"Vorname\",\"label_pos\":\"left\",\"mask\":\"\",\"datepicker\":0,\"send_email\":0,\"from_email\":0,\"first_name\":1,\"last_name\":0,\"from_name\":0,\"user_info_field_group\":1,\"show_help\":0,\"help_text\":\"\",\"calc_auto_include\":0,\"calc_option\":0,\"conditional\":\"\",\"replyto_email\":0,\"user_address_1\":\"\",\"user_address_2\":\"\",\"user_city\":\"\",\"user_zip\":\"\",\"user_phone\":\"\",\"user_email\":\"\",\"user_state\":0,\"user_info_field_group_name\":\"\",\"user_info_field_group_custom\":\"\",\"input_limit\":\"\",\"input_limit_type\":\"char\",\"input_limit_msg\":\"\",\"show_desc\":0,\"desc_pos\":\"none\",\"desc_text\":\"\",\"placeholder\":\"\",\"disable_input\":0,\"autocomplete_off\":0,\"num_sort\":0,\"admin_label\":\"\",\"element_class\":\"\",\"required\":0,\"key\":\"textbox_6\",\"default\":\"\",\"container_class\":\"\",\"manual_key\":false,\"custom_mask\":\"\",\"custom_name_attribute\":\"\",\"personally_identifiable\":\"\",\"value\":\"\",\"id\":6,\"beforeField\":\"\",\"afterField\":\"\",\"parentType\":\"textbox\",\"element_templates\":[\"textbox\",\"input\"],\"old_classname\":\"\",\"wrap_template\":\"wrap\"},{\"objectType\":\"Field\",\"objectDomain\":\"fields\",\"editActive\":false,\"order\":2,\"idAttribute\":\"id\",\"type\":\"lastname\",\"def_id\":7,\"label\":\"Nachname\",\"label_pos\":\"left\",\"default_value\":\"\",\"mask\":\"\",\"datepicker\":0,\"send_email\":0,\"from_email\":0,\"first_name\":0,\"from_name\":0,\"user_info_field_group\":1,\"show_help\":0,\"help_text\":\"\",\"calc_auto_include\":0,\"calc_option\":0,\"conditional\":\"\",\"replyto_email\":0,\"user_address_1\":\"\",\"user_address_2\":\"\",\"user_city\":\"\",\"user_zip\":\"\",\"user_phone\":\"\",\"user_email\":\"\",\"user_state\":0,\"user_info_field_group_name\":\"\",\"user_info_field_group_custom\":\"\",\"input_limit\":\"\",\"input_limit_type\":\"char\",\"input_limit_msg\":\"\",\"show_desc\":0,\"desc_pos\":\"none\",\"desc_text\":\"\",\"element_class\":\"\",\"required\":0,\"default\":\"\",\"key\":\"lastname_7\",\"placeholder\":\"\",\"container_class\":\"\",\"admin_label\":\"\",\"custom_name_attribute\":\"lname\",\"personally_identifiable\":1,\"value\":\"\",\"id\":7,\"beforeField\":\"\",\"afterField\":\"\",\"parentType\":\"lastname\",\"element_templates\":[\"lastname\",\"input\"],\"old_classname\":\"\",\"wrap_template\":\"wrap\"},{\"objectType\":\"Field\",\"objectDomain\":\"fields\",\"editActive\":false,\"order\":3,\"idAttribute\":\"id\",\"type\":\"address\",\"def_id\":8,\"label\":\"Adresse\",\"label_pos\":\"left\",\"mask\":\"\",\"datepicker\":0,\"send_email\":0,\"from_email\":0,\"first_name\":0,\"last_name\":0,\"from_name\":0,\"user_address_2\":0,\"user_city\":0,\"user_zip\":0,\"user_info_field_group\":1,\"show_help\":0,\"help_text\":\"\",\"calc_auto_include\":0,\"calc_option\":0,\"conditional\":\"\",\"replyto_email\":0,\"user_phone\":\"\",\"user_email\":\"\",\"user_state\":0,\"user_info_field_group_name\":\"\",\"user_info_field_group_custom\":\"\",\"input_limit\":\"\",\"input_limit_type\":\"char\",\"input_limit_msg\":\"\",\"show_desc\":0,\"desc_pos\":\"none\",\"desc_text\":\"\",\"placeholder\":\"\",\"disable_input\":0,\"autocomplete_off\":0,\"num_sort\":0,\"admin_label\":\"\",\"element_class\":\"\",\"required\":0,\"key\":\"address_9\",\"default\":\"\",\"container_class\":\"\",\"manual_key\":false,\"custom_mask\":\"\",\"custom_name_attribute\":\"address\",\"personally_identifiable\":1,\"value\":\"\",\"id\":9,\"beforeField\":\"\",\"afterField\":\"\",\"parentType\":\"address\",\"element_templates\":[\"address\",\"textbox\",\"input\"],\"old_classname\":\"\",\"wrap_template\":\"wrap\"},{\"objectType\":\"Field\",\"objectDomain\":\"fields\",\"editActive\":false,\"order\":4,\"idAttribute\":\"id\",\"type\":\"zip\",\"def_id\":12,\"label\":\"PLZ\",\"label_pos\":\"left\",\"mask\":\"\",\"datepicker\":0,\"send_email\":0,\"from_email\":0,\"first_name\":0,\"last_name\":0,\"from_name\":0,\"user_address_1\":0,\"user_address_2\":0,\"user_city\":0,\"user_info_field_group\":1,\"show_help\":0,\"help_text\":\"\",\"calc_auto_include\":0,\"calc_option\":0,\"conditional\":\"\",\"replyto_email\":0,\"user_phone\":\"\",\"user_email\":\"\",\"user_state\":0,\"user_info_field_group_name\":\"\",\"user_info_field_group_custom\":\"\",\"input_limit\":\"\",\"input_limit_type\":\"char\",\"input_limit_msg\":\"\",\"show_desc\":0,\"desc_pos\":\"none\",\"desc_text\":\"\",\"placeholder\":\"\",\"disable_input\":0,\"autocomplete_off\":0,\"num_sort\":0,\"admin_label\":\"\",\"element_class\":\"\",\"required\":0,\"key\":\"zip_10\",\"default\":\"\",\"container_class\":\"\",\"manual_key\":false,\"custom_mask\":\"\",\"custom_name_attribute\":\"zip\",\"personally_identifiable\":\"\",\"value\":\"\",\"id\":10,\"beforeField\":\"\",\"afterField\":\"\",\"parentType\":\"zip\",\"element_templates\":[\"zip\",\"textbox\",\"input\",\"textbox\",\"input\"],\"old_classname\":\"\",\"wrap_template\":\"wrap\"},{\"objectType\":\"Field\",\"objectDomain\":\"fields\",\"editActive\":false,\"order\":5,\"idAttribute\":\"id\",\"type\":\"city\",\"def_id\":10,\"label\":\"Ort\",\"label_pos\":\"left\",\"default_value\":\"\",\"mask\":\"\",\"datepicker\":0,\"send_email\":0,\"from_email\":0,\"first_name\":0,\"last_name\":0,\"from_name\":0,\"user_address_1\":0,\"user_address_2\":0,\"user_zip\":0,\"user_info_field_group\":1,\"show_help\":0,\"help_text\":\"\",\"calc_auto_include\":0,\"calc_option\":0,\"conditional\":\"\",\"replyto_email\":0,\"user_phone\":\"\",\"user_email\":\"\",\"user_state\":0,\"user_info_field_group_name\":\"\",\"user_info_field_group_custom\":\"\",\"input_limit\":\"\",\"input_limit_type\":\"char\",\"input_limit_msg\":\"\",\"show_desc\":0,\"desc_pos\":\"none\",\"desc_text\":\"\",\"element_class\":\"\",\"required\":0,\"default\":\"\",\"key\":\"city_11\",\"placeholder\":\"\",\"container_class\":\"\",\"manual_key\":false,\"admin_label\":\"\",\"custom_mask\":\"\",\"custom_name_attribute\":\"city\",\"personally_identifiable\":\"\",\"value\":\"\",\"id\":11,\"beforeField\":\"\",\"afterField\":\"\",\"parentType\":\"city\",\"element_templates\":[\"city\",\"textbox\",\"input\"],\"old_classname\":\"\",\"wrap_template\":\"wrap\"},{\"objectType\":\"Field\",\"objectDomain\":\"fields\",\"editActive\":false,\"order\":6,\"idAttribute\":\"id\",\"type\":\"phone\",\"def_id\":15,\"label\":\"Telefonnummer Privat\",\"label_pos\":\"left\",\"mask\":\"\",\"datepicker\":0,\"send_email\":0,\"from_email\":0,\"first_name\":0,\"last_name\":0,\"from_name\":0,\"user_address_1\":0,\"user_address_2\":0,\"user_city\":0,\"user_zip\":0,\"user_email\":0,\"user_info_field_group\":1,\"show_help\":0,\"help_text\":\"\",\"calc_auto_include\":0,\"calc_option\":0,\"conditional\":\"\",\"replyto_email\":0,\"user_state\":0,\"user_info_field_group_name\":\"\",\"user_info_field_group_custom\":\"\",\"input_limit\":\"\",\"input_limit_type\":\"char\",\"input_limit_msg\":\"\",\"show_desc\":0,\"desc_pos\":\"none\",\"desc_text\":\"\",\"placeholder\":\"\",\"disable_input\":0,\"autocomplete_off\":0,\"num_sort\":0,\"admin_label\":\"\",\"element_class\":\"\",\"required\":0,\"key\":\"phone_12\",\"default\":\"\",\"container_class\":\"\",\"manual_key\":false,\"custom_mask\":\"\",\"custom_name_attribute\":\"phone\",\"personally_identifiable\":1,\"value\":\"\",\"id\":12,\"beforeField\":\"\",\"afterField\":\"\",\"parentType\":\"textbox\",\"element_templates\":[\"tel\",\"textbox\",\"input\"],\"old_classname\":\"\",\"wrap_template\":\"wrap\"},{\"objectType\":\"Field\",\"objectDomain\":\"fields\",\"editActive\":false,\"order\":7,\"idAttribute\":\"id\",\"type\":\"phone\",\"def_id\":15,\"label\":\"Telefonnummer Mobil\",\"label_pos\":\"left\",\"mask\":\"\",\"datepicker\":0,\"send_email\":0,\"from_email\":0,\"first_name\":0,\"last_name\":0,\"from_name\":0,\"user_address_1\":0,\"user_address_2\":0,\"user_city\":0,\"user_zip\":0,\"user_email\":0,\"user_info_field_group\":1,\"show_help\":0,\"help_text\":\"\",\"calc_auto_include\":0,\"calc_option\":0,\"conditional\":\"\",\"placeholder\":\"\",\"disable_input\":0,\"input_limit\":\"\",\"input_limit_type\":\"char\",\"input_limit_msg\":\"\",\"user_state\":0,\"autocomplete_off\":0,\"num_sort\":0,\"admin_label\":\"\",\"user_info_field_group_name\":\"\",\"user_info_field_group_custom\":\"\",\"show_desc\":0,\"desc_pos\":\"none\",\"desc_text\":\"\",\"element_class\":\"\",\"required\":0,\"key\":\"phone_21\",\"default\":\"\",\"container_class\":\"\",\"manual_key\":false,\"custom_mask\":\"\",\"custom_name_attribute\":\"phone\",\"personally_identifiable\":1,\"value\":\"\",\"id\":21,\"beforeField\":\"\",\"afterField\":\"\",\"parentType\":\"textbox\",\"element_templates\":[\"tel\",\"textbox\",\"input\"],\"old_classname\":\"\",\"wrap_template\":\"wrap\"},{\"objectType\":\"Field\",\"objectDomain\":\"fields\",\"editActive\":false,\"order\":8,\"idAttribute\":\"id\",\"type\":\"email\",\"def_id\":14,\"label\":\"Haupt-E-Mail\",\"label_pos\":\"left\",\"mask\":\"\",\"datepicker\":0,\"from_email\":0,\"first_name\":0,\"last_name\":0,\"user_address_1\":0,\"user_address_2\":0,\"user_city\":0,\"user_zip\":0,\"user_phone\":0,\"user_info_field_group\":1,\"show_help\":0,\"help_text\":\"\",\"calc_auto_include\":0,\"calc_option\":0,\"conditional\":\"\",\"user_state\":0,\"user_info_field_group_name\":\"\",\"user_info_field_group_custom\":\"\",\"input_limit\":\"\",\"input_limit_type\":\"char\",\"input_limit_msg\":\"\",\"show_desc\":0,\"desc_pos\":\"none\",\"desc_text\":\"\",\"placeholder\":\"\",\"disable_input\":0,\"autocomplete_off\":0,\"num_sort\":0,\"admin_label\":\"\",\"element_class\":\"\",\"required\":0,\"key\":\"email_13\",\"default\":\"\",\"container_class\":\"\",\"custom_name_attribute\":\"email\",\"personally_identifiable\":1,\"value\":\"\",\"id\":13,\"beforeField\":\"\",\"afterField\":\"\",\"parentType\":\"email\",\"element_templates\":[\"email\",\"input\"],\"old_classname\":\"\",\"wrap_template\":\"wrap\"},{\"objectType\":\"Field\",\"objectDomain\":\"fields\",\"editActive\":false,\"order\":9,\"idAttribute\":\"id\",\"type\":\"textbox\",\"label\":\"Geburtstag\",\"input_limit_msg\":\"character(s) left\",\"label_pos\":\"left\",\"mask\":\"\",\"datepicker\":0,\"send_email\":0,\"replyto_email\":0,\"first_name\":\"\",\"last_name\":\"\",\"from_name\":0,\"user_address_1\":\"\",\"user_address_2\":\"\",\"user_city\":\"\",\"user_zip\":\"\",\"user_phone\":\"\",\"user_email\":\"\",\"user_info_field_group\":1,\"user_state\":0,\"user_info_field_group_name\":\"\",\"user_info_field_group_custom\":\"\",\"input_limit\":\"\",\"input_limit_type\":\"char\",\"show_help\":0,\"help_text\":\"\",\"show_desc\":0,\"desc_pos\":\"none\",\"desc_text\":\"\",\"calc_auto_include\":0,\"placeholder\":\"\",\"disable_input\":0,\"autocomplete_off\":0,\"num_sort\":0,\"admin_label\":\"\",\"element_class\":\"\",\"required\":0,\"key\":\"textbox_15\",\"default\":\"\",\"container_class\":\"\",\"manual_key\":false,\"custom_mask\":\"\",\"custom_name_attribute\":\"\",\"personally_identifiable\":\"\",\"value\":\"\",\"id\":15,\"beforeField\":\"\",\"afterField\":\"\",\"parentType\":\"textbox\",\"element_templates\":[\"textbox\",\"input\"],\"old_classname\":\"\",\"wrap_template\":\"wrap\"},{\"objectType\":\"Field\",\"objectDomain\":\"fields\",\"editActive\":false,\"order\":10,\"idAttribute\":\"id\",\"type\":\"textarea\",\"label\":\"Zus\\u00e4tzliche Angaben\",\"input_limit_msg\":\"character(s) left\",\"label_pos\":\"above\",\"default_value\":\"zB. In der Pfadi von bis in welcher Gruppe\\\/Stamm\\\/Zug.\\r\\n\\r\\n\",\"textarea_rte\":0,\"textarea_media\":0,\"disable_rte_mobile\":0,\"input_limit\":\"\",\"input_limit_type\":\"char\",\"calc_auto_include\":0,\"num_sort\":0,\"admin_label\":\"\",\"show_help\":0,\"help_text\":\"\",\"show_desc\":0,\"desc_pos\":\"none\",\"desc_text\":\"\",\"element_class\":\"\",\"required\":0,\"default\":\"zB. In der Pfadi von bis in welcher Gruppe\\\/Stamm\\\/Zug.\\r\\n\\r\\n\",\"key\":\"textarea_24\",\"placeholder\":\"\",\"container_class\":\"\",\"manual_key\":false,\"value\":\"zB. In der Pfadi von bis in welcher Gruppe\\\/Stamm\\\/Zug.\\r\\n\\r\\n\",\"id\":24,\"beforeField\":\"\",\"afterField\":\"\",\"parentType\":\"textarea\",\"element_templates\":[\"textarea\",\"input\"],\"old_classname\":\"\",\"wrap_template\":\"wrap\"},{\"objectType\":\"Field\",\"objectDomain\":\"fields\",\"editActive\":false,\"order\":11,\"idAttribute\":\"id\",\"type\":\"spam\",\"label\":\"Was ist dreizehn minus vier (Zahl eingeben)\",\"input_limit_msg\":\"character(s) left\",\"label_pos\":\"left\",\"spam_answer\":9,\"show_help\":0,\"help_text\":\"\",\"show_desc\":0,\"desc_pos\":\"none\",\"desc_text\":\"\",\"element_class\":\"\",\"required\":1,\"key\":\"spam_19\",\"default\":\"\",\"placeholder\":\"\",\"container_class\":\"\",\"input_limit\":\"\",\"input_limit_type\":\"characters\",\"manual_key\":true,\"admin_label\":\"\",\"value\":\"\",\"id\":19,\"beforeField\":\"\",\"afterField\":\"\",\"parentType\":\"spam\",\"element_templates\":[\"textbox\",\"input\"],\"old_classname\":\"\",\"wrap_template\":\"wrap\"},{\"objectType\":\"Field\",\"objectDomain\":\"fields\",\"editActive\":false,\"order\":12,\"idAttribute\":\"id\",\"type\":\"submit\",\"label\":\"Abschicken\",\"input_limit_msg\":\"character(s) left\",\"show_help\":0,\"help_text\":\"\",\"show_desc\":0,\"desc_pos\":\"none\",\"desc_text\":\"\",\"processing_label\":\"Processing\",\"element_class\":\"\",\"key\":\"submit_20\",\"container_class\":\"\",\"admin_label\":\"\",\"drawerDisabled\":false,\"id\":20,\"beforeField\":\"\",\"afterField\":\"\",\"value\":\"\",\"label_pos\":\"above\",\"parentType\":\"textbox\",\"element_templates\":[\"submit\",\"button\",\"input\"],\"old_classname\":\"\",\"wrap_template\":\"wrap-no-label\"}];nfForms.push(form);<\/script>\n        ","protected":false},"excerpt":{"rendered":"<p>Bitte Onlineanmeldung vollst\u00e4ndig ausf\u00fcllen und abschicken oder Anmeldung (Word-Datei) ausdrucken und dem Aktuar per Post schicken. Der Aktuar wird dir weitere Informationen schicken. Bei Fragen kannst du ihm auch ein Mail schicken. Ich best\u00e4tige, dass ich die Datenschutzerkl\u00e4rung gelesen habe und mit der Bearbeitung meiner Daten gem\u00e4ss dieser einverstanden bin https:\/\/dse-de.scouts.ch\/. Notice: JavaScript is required [&hellip;]<\/p>\n","protected":false},"author":1,"featured_media":0,"parent":0,"menu_order":0,"comment_status":"closed","ping_status":"closed","template":"","meta":{"ngg_post_thumbnail":0,"footnotes":""},"class_list":["post-2","page","type-page","status-publish","hentry"],"_links":{"self":[{"href":"https:\/\/apke.ch\/wordpress\/index.php?rest_route=\/wp\/v2\/pages\/2","targetHints":{"allow":["GET"]}}],"collection":[{"href":"https:\/\/apke.ch\/wordpress\/index.php?rest_route=\/wp\/v2\/pages"}],"about":[{"href":"https:\/\/apke.ch\/wordpress\/index.php?rest_route=\/wp\/v2\/types\/page"}],"author":[{"embeddable":true,"href":"https:\/\/apke.ch\/wordpress\/index.php?rest_route=\/wp\/v2\/users\/1"}],"replies":[{"embeddable":true,"href":"https:\/\/apke.ch\/wordpress\/index.php?rest_route=%2Fwp%2Fv2%2Fcomments&post=2"}],"version-history":[{"count":6,"href":"https:\/\/apke.ch\/wordpress\/index.php?rest_route=\/wp\/v2\/pages\/2\/revisions"}],"predecessor-version":[{"id":1768,"href":"https:\/\/apke.ch\/wordpress\/index.php?rest_route=\/wp\/v2\/pages\/2\/revisions\/1768"}],"wp:attachment":[{"href":"https:\/\/apke.ch\/wordpress\/index.php?rest_route=%2Fwp%2Fv2%2Fmedia&parent=2"}],"curies":[{"name":"wp","href":"https:\/\/api.w.org\/{rel}","templated":true}]}}